{"id":2673,"date":"2021-11-17T15:56:09","date_gmt":"2021-11-17T14:56:09","guid":{"rendered":"https:\/\/vision-business.consulting\/v1\/portfolio\/homepage-francais\/"},"modified":"2023-09-06T01:03:38","modified_gmt":"2023-09-05T23:03:38","slug":"homepage-francais","status":"publish","type":"page","link":"https:\/\/vision-business.consulting\/v1\/portfolio\/fr\/homepage-francais\/","title":{"rendered":"Home"},"content":{"rendered":"<p>[vc_row full_width=\u00a0\u00bbstretch_row\u00a0\u00bb full_height=\u00a0\u00bbyes\u00a0\u00bb content_placement=\u00a0\u00bbmiddle\u00a0\u00bb css=\u00a0\u00bb.vc_custom_1693926679240{padding-top: 20px !important;padding-bottom: 50px !important;background-color: #ffffff !important;}\u00a0\u00bb][vc_column][vc_column_text]<style type=\"text\/css\"> #gw_go_portfolio_encopy618e816306fadfr .gw-gopf-posts-wrap-inner { margin-left:-20px;margin-top:-20px; } #gw_go_portfolio_encopy618e816306fadfr .gw-gopf-filter-opacity .gw-gopf-col-wrap.gw-gopf-disabled { filter:alpha(opacity=30) !important;-ms-filter:\"progid:DXImageTransform.Microsoft.Alpha(Opacity=30)\" !important;-khtml-opacity:0.3 !important;-moz-opacity:0.3 !important;opacity:0.3 !important; } #gw_go_portfolio_encopy618e816306fadfr .gw-gopf-post-col { margin-left:20px;margin-top:20px; } #gw_go_portfolio_encopy618e816306fadfr .gw-gopf-cats { margin-bottom:20px !important; } #gw_go_portfolio_encopy618e816306fadfr .gw-gopf-filter { margin-left:-6px; } #gw_go_portfolio_encopy618e816306fadfr .gw-gopf-cats > span { margin-left:6px; } #gw_go_portfolio_encopy618e816306fadfr .gw-gopf-slider-controls > div { margin-bottom:20px; } #gw_go_portfolio_encopy618e816306fadfr .gw-gopf-slider-controls > div { margin-left:6px; } #gw_go_portfolio_encopy618e816306fadfr .gw-gopf-post-overlay-bg { background-color:#333333; } #gw_go_portfolio_encopy618e816306fadfr .gw-gopf-post-overlay-bg { filter:alpha(opacity=30);-ms-filter:\"progid:DXImageTransform.Microsoft.Alpha(Opacity=30)\";-khtml-opacity:0.3;-moz-opacity:0.3;opacity:0.3; } #gw_go_portfolio_encopy618e816306fadfr .gw-gopf-post-content { text-align:center; } #gw_go_portfolio_encopy618e816306fadfr .gw-gopf-post-more { text-align:center; } #gw_go_portfolio_encopy618e816306fadfr .gw-gopf-pagination-wrapper { padding-top:20px; } #gw_go_portfolio_encopy618e816306fadfr .gw-gopf-post-media-wrap img { left:50%;top:50%;-ms-transform: translateX(-50%) translateY(-50%) translateZ(0);transform: translateX(-50%) translateY(-50%) translateZ(0); } #gw_go_portfolio_encopy618e816306fadfr .gw-gopf-post-media-wrap { background-position: 50% 50%; } #gw_go_portfolio_encopy618e816306fadfr .gw-gopf-style-vario .gw-gopf-btn {color:#ffffff;background:#0daada;-moz-border-radius:0px;-webkit-border-radius:0px;border-radius:0px;display:inline-block;font-family:inherit;font-size:24px;height:29px;line-height:29px;padding:0 9px;position:relative;text-align:left;-moz-transition:color 0.08s ease-in-out, background-color 0.08s ease-in-out, border-color 0.08s ease-in-out;-ms-transition:color 0.08s ease-in-out, background-color 0.08s ease-in-out, border-color 0.08s ease-in-out;-o-transition:color 0.08s ease-in-out, background-color 0.08s ease-in-out, border-color 0.08s ease-in-out;-webkit-transition:color 0.08s ease-in-out, background-color 0.08s ease-in-out, border-color 0.08s ease-in-out;transition:color 0.08s ease-in-out, background-color 0.08s ease-in-out, border-color 0.08s ease-in-out;text-decoration:none !important;} #gw_go_portfolio_encopy618e816306fadfr .gw-gopf-style-vario a.gw-gopf-btn.gw-gopf-btn-outlined {color:#0daada;background:transparent;border:solid 1px #0daada;height:27px;line-height:27px;padding:0 8px;} #gw_go_portfolio_encopy618e816306fadfr .gw-gopf-style-vario a.gw-gopf-btn:hover {color:#ffffff;background:#000000;} #gw_go_portfolio_encopy618e816306fadfr .gw-gopf-style-vario a.gw-gopf-btn.gw-gopf-btn-outlined:hover {color:#000000;background:transparent;border-color:#000000;} #gw_go_portfolio_encopy618e816306fadfr .gw-gopf-style-vario a.gw-gopf-circle {-moz-border-radius:22px;-webkit-border-radius:22px;border-radius:22px;display:inline-block;height:44px;line-height:44px;position: relative;margin-left:3px;margin-right:3px;-moz-transition:color 0.08s ease-in-out, background-color 0.08s ease-in-out, border-color 0.08s ease-in-out;-ms-transition:color 0.08s ease-in-out, background-color 0.08s ease-in-out, border-color 0.08s ease-in-out;-o-transition:color 0.08s ease-in-out, background-color 0.08s ease-in-out, border-color 0.08s ease-in-out;-webkit-transition:color 0.08s ease-in-out, background-color 0.08s ease-in-out, border-color 0.08s ease-in-out;transition:color 0.08s ease-in-out, background-color 0.08s ease-in-out, border-color 0.08s ease-in-out;width:44px;} #gw_go_portfolio_encopy618e816306fadfr .gw-gopf-style-vario .gw-gopf-cats > span a {background:#000000;-moz-border-radius:0px;-webkit-border-radius:0px;border-radius:0px;color:#ffffff;display:block;font-family:inherit;font-size:24px;height:29px;line-height:29px;padding:0 10px;text-decoration:none;-moz-transition:color 0.08s ease-in-out, background-color 0.08s ease-in-out, border-color 0.08s ease-in-out;-ms-transition:color 0.08s ease-in-out, background-color 0.08s ease-in-out, border-color 0.08s ease-in-out;-o-transition:color 0.08s ease-in-out, background-color 0.08s ease-in-out, border-color 0.08s ease-in-out;-webkit-transition:color 0.08s ease-in-out, background-color 0.08s ease-in-out, border-color 0.08s ease-in-out;transition:color 0.08s ease-in-out, background-color 0.08s ease-in-out, border-color 0.08s ease-in-out;} #gw_go_portfolio_encopy618e816306fadfr .gw-gopf-style-vario .gw-gopf-cats > span a.gw-gopf-btn-outlined {color:#000000;background:transparent;border:solid 1px #000000;height:27px;line-height:27px;padding:0 8px;} #gw_go_portfolio_encopy618e816306fadfr .gw-gopf-style-vario .gw-gopf-cats > span.gw-gopf-current a { background:#0daada;} #gw_go_portfolio_encopy618e816306fadfr .gw-gopf-style-vario .gw-gopf-cats > span.gw-gopf-current a.gw-gopf-btn-outlined  { background:transparent;border-color:#0daada;color:#0daada;} #gw_go_portfolio_encopy618e816306fadfr .gw-gopf-style-vario .gw-gopf-cats > span a:hover { background:#0daada;} #gw_go_portfolio_encopy618e816306fadfr .gw-gopf-style-vario .gw-gopf-cats > span a.gw-gopf-btn-outlined:hover { background:transparent;border-color:#0daada;color:#0daada;} #gw_go_portfolio_encopy618e816306fadfr .gw-gopf-style-vario .gw-gopf-slider-controls > div a {background:#0daada;-moz-border-radius:0px;-webkit-border-radius:0px;border-radius:0px;color:#ffffff;display:table-cell;height:29px;text-decoration:none;-moz-transition:color 0.08s ease-in-out, background-color 0.08s ease-in-out, border-color 0.08s ease-in-out;-ms-transition:color 0.08s ease-in-out, background-color 0.08s ease-in-out, border-color 0.08s ease-in-out;-o-transition:color 0.08s ease-in-out, background-color 0.08s ease-in-out, border-color 0.08s ease-in-out;-webkit-transition:color 0.08s ease-in-out, background-color 0.08s ease-in-out, border-color 0.08s ease-in-out;transition:color 0.08s ease-in-out, background-color 0.08s ease-in-out, border-color 0.08s ease-in-out;vertical-align:middle;width:28px;} #gw_go_portfolio_encopy618e816306fadfr .gw-gopf-style-vario .gw-gopf-slider-controls > div a:hover {background:#000000;} #gw_go_portfolio_encopy618e816306fadfr .gw-gopf-style-vario .gw-gopf-slider-controls > div a.disabled {background:#000000;} #gw_go_portfolio_encopy618e816306fadfr .gw-gopf-style-vario a.gw-gopf-pagination-load-more {background:#000000;-moz-border-radius:0px;-webkit-border-radius:0px;border-radius:0px;color:#ffffff;display:inline-block;font-family:inherit;font-size:24px;height:29px;line-height:29px;padding:0 10px;text-decoration:none;-moz-transition:color 0.08s ease-in-out, background-color 0.08s ease-in-out, border-color 0.08s ease-in-out;-ms-transition:color 0.08s ease-in-out, background-color 0.08s ease-in-out, border-color 0.08s ease-in-out;-o-transition:color 0.08s ease-in-out, background-color 0.08s ease-in-out, border-color 0.08s ease-in-out;-webkit-transition:color 0.08s ease-in-out, background-color 0.08s ease-in-out, border-color 0.08s ease-in-out;transition:color 0.08s ease-in-out, background-color 0.08s ease-in-out, border-color 0.08s ease-in-out;} #gw_go_portfolio_encopy618e816306fadfr .gw-gopf-style-vario a.gw-gopf-pagination-load-more.gw-gopf-btn-outlined {color:#000000;background:transparent;border:solid 1px #000000;height:27px;line-height:27px;padding:0 8px;} #gw_go_portfolio_encopy618e816306fadfr .gw-gopf-style-vario a.gw-gopf-pagination-load-more:hover { background:#0daada;} #gw_go_portfolio_encopy618e816306fadfr .gw-gopf-style-vario a.gw-gopf-pagination-load-more.gw-gopf-btn-outlined:hover { background:transparent;border-color:#0daada;color:#0daada;} #gw_go_portfolio_encopy618e816306fadfr .gw-gopf-style-vario .gw-gopf-post {-moz-border-radius:0px;-webkit-border-radius:0px;border-radius:0px;-moz-box-shadow:0 0 0px 0px rgba(0,0,0,0);-o-box-shadow:0 0 0px 0px rgba(0,0,0,0);-webkit-box-shadow:0 0 0px 0px rgba(0,0,0,0);box-shadow:0 0 0px 0px rgba(0,0,0,0);overflow:hidden;} #gw_go_portfolio_encopy618e816306fadfr .gw-gopf-style-vario .gw-gopf-post-media-wrap {-moz-border-radius-topleft:0px;-moz-border-radius-topright:0px;-webkit-border-top-left-radius:0px;-webkit-border-top-right-radius:0px;border-top-left-radius:0px;border-top-right-radius:0px;} #gw_go_portfolio_encopy618e816306fadfr .gw-gopf-style-vario .gw-gopf-post-overlay-bg {-moz-border-radius-topleft:0px;-moz-border-radius-topright:0px;-webkit-border-top-left-radius:0px;-webkit-border-top-right-radius:0px;border-top-left-radius:0px;border-top-right-radius:0px;} #gw_go_portfolio_encopy618e816306fadfr .gw-gopf-style-vario a.gw-gopf-post-overlay-circle { background:#0daada;} #gw_go_portfolio_encopy618e816306fadfr .gw-gopf-style-vario a.gw-gopf-post-overlay-circle:hover { background:#000000;} #gw_go_portfolio_encopy618e816306fadfr .gw-gopf-style-vario a.gw-gopf-post-overlay-btn {background:#0daada;margin-left:3px;margin-right:3px;} #gw_go_portfolio_encopy618e816306fadfr .gw-gopf-style-vario a.gw-gopf-post-overlay-btn.gw-gopf-btn-outlined  {background:transparent;border-color:#0daada;color:#0daada;} #gw_go_portfolio_encopy618e816306fadfr .gw-gopf-style-vario a.gw-gopf-post-overlay-btn:hover {background:#000000;} #gw_go_portfolio_encopy618e816306fadfr .gw-gopf-style-vario a.gw-gopf-post-overlay-btn.gw-gopf-btn-outlined:hover {background:transparent;border-color:#000000;color:#000000;} #gw_go_portfolio_encopy618e816306fadfr .gw-gopf-style-vario .gw-gopf-post-content-wrap:before { -moz-border-radius-bottomleft:0px;-moz-border-radius-bottomright:0px;-webkit-border-bottom-left-radius:0px;-webkit-border-bottom-right-radius:0px;border-bottom-left-radius:0px;border-bottom-right-radius:0px;background-color:#ffffff;opacity:0.01;} #gw_go_portfolio_encopy618e816306fadfr .gw-gopf-style-vario .gw-gopf-post-content { color:#000000;font-family:inherit;font-size:24px;line-height:18px;padding:20px;} #gw_go_portfolio_encopy618e816306fadfr .gw-gopf-style-vario .gw-gopf-post-content a {color:#0daada;} #gw_go_portfolio_encopy618e816306fadfr .gw-gopf-style-vario .gw-gopf-post-content a:hover {color:#000000;} #gw_go_portfolio_encopy618e816306fadfr .gw-gopf-style-vario .gw-gopf-post-content h2 {color:#000000 !important;font-family:inherit !important;font-size:18px !important;line-height:25px !important;} #gw_go_portfolio_encopy618e816306fadfr .gw-gopf-style-vario .gw-gopf-post-content h2 a { color:inherit;font-size:inherit !important;line-height:inherit !important;} #gw_go_portfolio_encopy618e816306fadfr .gw-gopf-style-vario .gw-gopf-post-content h2 a:hover { color:#0daada; } #gw_go_portfolio_encopy618e816306fadfr .gw-gopf-style-vario .gw-gopf-post-meta {color:#0daada;font-family:inherit;font-size:11px;line-height:15px;} #gw_go_portfolio_encopy618e816306fadfr .gw-gopf-style-vario .gw-gopf-post-excerpt { font-family:inherit;font-size:24px;line-height:18px !important;margin-top:15px} #gw_go_portfolio_encopy618e816306fadfr .gw-gopf-style-vario .gw-gopf-post-excerpt p {font-family:inherit;font-size:24px;line-height:18px !important;margin:0 0 15px !important;padding:0 !important;} #gw_go_portfolio_encopy618e816306fadfr .gw-gopf-style-vario .gw-gopf-post-excerpt p:last-child { margin:0 !important;padding:0 !important;} #gw_go_portfolio_encopy618e816306fadfr .gw-gopf-style-vario .gw-gopf-post-more { margin-top:15px; } #gw_go_portfolio_encopy618e816306fadfr .gw-gopf-style-vario .gw-gopf-post-more a {color:#0daada;font-size:24px;margin-top:15px;font-weight:bold;} #gw_go_portfolio_encopy618e816306fadfr .gw-gopf-style-vario .gw-gopf-post-more a:hover {color:#000000;font-size:24px;font-weight:bold;} #gw_go_portfolio_encopy618e816306fadfr .gw-gopf-style-vario .gw-gopf-post-more a.gw-gopf-btn {color:#ffffff;font-weight:normal;margin-top:-3px;} #gw_go_portfolio_encopy618e816306fadfr .gw-gopf-style-vario .gw-gopf-post-more a.gw-gopf-btn.gw-gopf-btn-outlined { color:#0daada; } #gw_go_portfolio_encopy618e816306fadfr .gw-gopf-style-vario .gw-gopf-post-more a.gw-gopf-btn.gw-gopf-btn-outlined:hover { color:#000000; } #gw_go_portfolio_encopy618e816306fadfr .gw-gopf-style-vario .gw-gopf-post-more a.gw-gopf-btn { margin-left:10px } #gw_go_portfolio_encopy618e816306fadfr .gw-gopf-style-vario .gw-gopf-post-more a.gw-gopf-btn:first-child { margin-left:0; } #gw_go_portfolio_encopy618e816306fadfr .gw-gopf-style-vario .gw-gopf-post-content > *:first-child { margin-top:0 !important; } #gw_go_portfolio_encopy618e816306fadfr .gw-gopf-style-vario div.gw-gopf-post-highlight-box, #gw_go_portfolio_encopy618e816306fadfr  .gw-gopf-style-vario div.gw-gopf-post-highlight-box:first-child{background:#0daada;padding:20px;margin:-20px -20px 20px !important;} #gw_go_portfolio_encopy618e816306fadfr .gw-gopf-style-vario .gw-gopf-post-highlight-box * { color:#ffffff !important;} #gw_go_portfolio_encopy618e816306fadfr .gw-gopf-style-vario .gw-gopf-post-highlight-box a:hover { color:#000000 !important;} #gw_go_portfolio_encopy618e816306fadfr .gw-gopf-style-vario .gw-gopf-woo-sale, #gw_go_portfolio_encopy618e816306fadfr  .gw-gopf-touch.gw-gopf-style-vario .gw-gopf-post:hover .gw-gopf-woo-sale {background:#0daada;-moz-border-radius:22px;-webkit-border-radius:22px;border-radius:22px;color:#ffffff;display:inline-block;font-size:24px;height:44px;line-height:44px;position:absolute;right:10px;text-align:center;top:10px;-moz-transition:opacity 0.1s ease-in-out;-ms-transition:opacity 0.1s ease-in-out;-o-transition:opacity 0.1s ease-in-out;-webkit-transition:opacity 0.1s ease-in-out;transition:opacity 0.1s ease-in-out;width:44px;z-index:5;} #gw_go_portfolio_encopy618e816306fadfr .gw-gopf-style-vario .gw-gopf-post:hover .gw-gopf-woo-sale, #gw_go_portfolio_encopy618e816306fadfr .gw-gopf-touch.gw-gopf-style-vario .gw-gopf-current.gw-gopf-post .gw-gopf-woo-sale { filter:alpha(opacity=50); -ms-filter:\"progid:DXImageTransform.Microsoft.Alpha(Opacity=50)\"; -khtml-opacity:0.5; -moz-opacity:0.5; opacity:0.5; } #gw_go_portfolio_encopy618e816306fadfr .gw-gopf-style-vario .gw-gopf-post-woo-price {color:#0daada;font-size:18px;font-weight:bold;line-height:25px;margin-top:15px;} #gw_go_portfolio_encopy618e816306fadfr .gw-gopf-style-vario .gw-gopf-post-woo-price del {background:none;color:#b8b8b8;font-size:18px;line-height:25px;margin-right:8px;text-decoration:line-through;} #gw_go_portfolio_encopy618e816306fadfr .gw-gopf-style-vario .gw-gopf-post-woo-price ins { background:none;text-decoration:none !important;}<\/style>\n<style type=\"text\/css\"><\/style>\n<div id=\"gw_go_portfolio_encopy618e816306fadfr\" style=\"margin-top:0;margin-bottom:0;\"><div class=\"gw-gopf gw-gopf-no-trans gw-gopf-grid-type gw-gopf-rtl gw-gopf-3cols gw-gopf-style-vario  gw-gopf-pagination\" data-layout-mode=\"fitRows\"data-url=\"https:\/\/vision-business.consulting\/v1\/portfolio\/wp-admin\/admin-ajax.php\" data-id=\"64f7b278c5f88\" data-cols=\"3\" data-rowspace=\"20\" data-rtl=\"true\" data-transenabled=\"true\" data-lbenabled=\"true\" data-lbgallery=\"true\" data-deep-linking=\"true\"  data-filter-type=\"isotope\"><div data-tax=\"category\" class=\"gw-gopf-filter gw-gopf-clearfix  gw-gopf-cats-centered\"><div class=\"gw-gopf-cats\"><span data-count=\"2\" class=\"gw-gopf-current\"><a href=\"#\">All<\/a><\/span><span data-count=\"2\" data-filter=\"startups\" class=\"\"><a href=\"#\">Startups<\/a><\/span><\/div><\/div><div class=\"gw-gopf-clearfix\"><\/div><div class=\"gw-gopf-posts-wrap\"><div class=\"gw-gopf-posts-wrap-inner\"><div class=\"gw-gopf-posts gw-gopf-clearfix\" data-col=\"3\"><div id=\"2647\" class=\"gw-gopf-col-wrap\" data-filter=\"bank mobile startups\"><div class=\"gw-gopf-post-col\"><div class=\"gw-gopf-post\"><div class=\"gw-gopf-post-header\"><div class=\"gw-gopf-post-overlay\"><\/div><a href=\"https:\/\/vision-business.consulting\/v1\/portfolio\/health-level-7-hl7-translation-gateway-healthcare-industry\/\" class=\"gw-gopf-post-overlay gw-gopf-post-overlay-link\"><\/a><div class=\"gw-gopf-post-media-wrap-outer\"><div class=\"gw-gopf-post-media-wrap\"  style=\" height:0; padding-bottom:58.027079303675%\"><img decoding=\"async\" class=\"\" src=\"data:image\/gif;base64,R0lGODlhAQABAIAAAAAAAP\/\/\/yH5BAEAAAAALAAAAAABAAEAAAIBRAA7\" alt=\"Top-Banner2-min-1140x300 (1)\" data-src=\"https:\/\/vision-business.consulting\/v1\/portfolio\/wp-content\/uploads\/2021\/11\/Top-Banner2-min-1140x300-1.jpg\" data-id=\"2850\" data-width=\"517\" data-height=\"300\" data-img-aspect-ratio=\"0.58027079303675\" data-view-aspect-ratio=\"\" data-orientation=\"portrait\" data-x=\"true\"><\/div><\/div><\/div><div class=\"gw-gopf-post-content-wrap\"><div class=\"gw-gopf-post-content\"><div class=\"gw-gopf-post-title\"><h2><a href=\"https:\/\/vision-business.consulting\/v1\/portfolio\/health-level-7-hl7-translation-gateway-healthcare-industry\/\" target=\"_self\">HEALTH LEVEL-7 (HL7) TRANSLATION GATEWAY \u2013 HEALTHCARE INDUSTRY<\/a><\/h2><\/div><div class=\"gw-gopf-post-excerpt\">[vc_row css=\".vc_custom_1636976312556{padding-top: 40px !important;}\"][vc_column][vc_empty_space height=\"20px\"][\/vc_column][\/vc_row][vc_row][vc_column width=\"1\/3\"][vc_column_text]A Document Management System for...<\/div><div class=\"gw-gopf-post-more\"><a href=\"https:\/\/vision-business.consulting\/v1\/portfolio\/health-level-7-hl7-translation-gateway-healthcare-industry\/\" class=\"\" target=\"_self\"><\/a><\/div><\/div><\/div><\/div><\/div><\/div><div id=\"2626\" class=\"gw-gopf-col-wrap\" data-filter=\"salesforce startups web\"><div class=\"gw-gopf-post-col\"><div class=\"gw-gopf-post\"><div class=\"gw-gopf-post-header\"><div class=\"gw-gopf-post-overlay\"><\/div><a href=\"https:\/\/vision-business.consulting\/v1\/portfolio\/a-project-aiming-to-automate-the-regulatory-reportings-of-bank-al-maghreb-for-sgma\/\" class=\"gw-gopf-post-overlay gw-gopf-post-overlay-link\"><\/a><div class=\"gw-gopf-post-media-wrap-outer\"><div class=\"gw-gopf-post-media-wrap\"  style=\" height:0; padding-bottom:58.027079303675%\"><img decoding=\"async\" class=\"\" src=\"data:image\/gif;base64,R0lGODlhAQABAIAAAAAAAP\/\/\/yH5BAEAAAAALAAAAAABAAEAAAIBRAA7\" alt=\"Digital-Pub-min-1 (17)\" data-src=\"https:\/\/vision-business.consulting\/v1\/portfolio\/wp-content\/uploads\/2023\/12\/Digital-Pub-min-1-17.jpg\" data-id=\"3116\" data-width=\"517\" data-height=\"300\" data-img-aspect-ratio=\"0.58027079303675\" data-view-aspect-ratio=\"\" data-orientation=\"portrait\" data-x=\"true\"><\/div><\/div><\/div><div class=\"gw-gopf-post-content-wrap\"><div class=\"gw-gopf-post-content\"><div class=\"gw-gopf-post-title\"><h2><a href=\"https:\/\/vision-business.consulting\/v1\/portfolio\/a-project-aiming-to-automate-the-regulatory-reportings-of-bank-al-maghreb-for-sgma\/\" target=\"_self\">A project aiming to automate the regulatory reportings of Bank Al Maghreb for \u2018\u2019SGMA\u2019\u2019<\/a><\/h2><\/div><div class=\"gw-gopf-post-excerpt\">[vc_row css=\".vc_custom_1636976312556{padding-top: 40px !important;}\"][vc_column][vc_empty_space height=\"20px\"][vc_column_text]Soci\u00e9t\u00e9 G\u00e9n\u00e9rale is one of the...<\/div><div class=\"gw-gopf-post-more\"><a href=\"https:\/\/vision-business.consulting\/v1\/portfolio\/a-project-aiming-to-automate-the-regulatory-reportings-of-bank-al-maghreb-for-sgma\/\" class=\"\" target=\"_self\"><\/a><\/div><\/div><\/div><\/div><\/div><\/div><\/div><\/div><\/div><div class=\"gw-gopf-clearfix\"><\/div><div class=\"gw-gopf-pagination-wrapper gw-gopf-clearfix\" data-posts=\"2\" data-posts-per-page=\"-1\" data-loaded=\"2647,2626\" data-pages=\"0\" data-current-page=\"1\" data-current-id=\"\"><\/div><\/div><\/div>[\/vc_column_text][\/vc_column][\/vc_row][vc_row full_width=\u00a0\u00bbstretch_row\u00a0\u00bb content_placement=\u00a0\u00bbmiddle\u00a0\u00bb css=\u00a0\u00bb.vc_custom_1670609741734{padding-top: 30px !important;padding-bottom: 30px !important;background-color: #316dac !important;}\u00a0\u00bb][vc_column][vc_column_text]<\/p>\n<h2 style=\"color: #fff; font-size: 47px;\">BESOIN DE PLUS D&rsquo;INFORMATIONS SUR LES \u00c9TUDES DE CAS ? VOULEZ-VOUS DISCUTER D&rsquo;UN PROJET ? AVEZ-VOUS UNE ID\u00c9E?<\/h2>\n<p>[\/vc_column_text][\/vc_column][\/vc_row][vc_row][vc_column][vc_single_image image=\u00a0\u00bb2858&Prime; img_size=\u00a0\u00bbfull\u00a0\u00bb alignment=\u00a0\u00bbcenter\u00a0\u00bb el_class=\u00a0\u00bbimgflech\u00a0\u00bb][vc_empty_space]<div class=\" ubtn-ctn-center popmake-2731\"><button type=\"button\" id=\"ubtn-4234\"  class=\"ubtn ult-adjust-bottom-margin ult-responsive ubtn-large ubtn-no-hover-bg  none  ubtn-sep-icon ubtn-sep-icon-at-right  ubtn-shd  ubtn-center popmake-2731 shd-bottom tooltip-69e415c43e4ff\"  data-hover=\"#ffffff\" data-border-color=\"\" data-bg=\"#f9b712\" data-hover-bg=\"#fcd111\" data-border-hover=\"\" data-shadow-hover=\"0 5px ;\" data-shadow-click=\"none\" data-shadow=\"0 5px ;\" data-shd-shadow=\"5\"  data-ultimate-target='#ubtn-4234'  data-responsive-json-new='{\"font-size\":\"desktop:25px;\",\"line-height\":\"\"}'  style=\"font-weight:normal;border:none;box-shadow: 0 5px ;background: #f9b712;color: #ffffff;\"><span class=\"ubtn-data ubtn-icon\"><i class=\"Defaults-arrow-right\" style=\"font-size:15px;color:#ffffff;\"><\/i><\/span><span class=\"ubtn-hover\" style=\"background-color:#fcd111\"><\/span><span class=\"ubtn-data ubtn-text \" >Commencer un projet<\/span><\/button><\/div>[\/vc_column][\/vc_row]<\/p>\n","protected":false},"excerpt":{"rendered":"<p>[vc_row full_width=\u00a0\u00bbstretch_row\u00a0\u00bb full_height=\u00a0\u00bbyes\u00a0\u00bb content_placement=\u00a0\u00bbmiddle\u00a0\u00bb css=\u00a0\u00bb.vc_custom_1693926679240{padding-top: 20px !important;padding-bottom: 50px !important;background-color: #ffffff !important;}\u00a0\u00bb][vc_column][vc_column_text][\/vc_column_text][\/vc_column][\/vc_row][vc_row full_width=\u00a0\u00bbstretch_row\u00a0\u00bb content_placement=\u00a0\u00bbmiddle\u00a0\u00bb css=\u00a0\u00bb.vc_custom_1670609741734{padding-top: 30px !important;padding-bottom: 30px !important;background-color: #316dac !important;}\u00a0\u00bb][vc_column][vc_column_text] BESOIN DE PLUS D&rsquo;INFORMATIONS SUR LES \u00c9TUDES DE CAS ? VOULEZ-VOUS DISCUTER D&rsquo;UN PROJET ? AVEZ-VOUS UNE ID\u00c9E? [\/vc_column_text][\/vc_column][\/vc_row][vc_row][vc_column][vc_single_image image=\u00a0\u00bb2858&Prime; img_size=\u00a0\u00bbfull\u00a0\u00bb alignment=\u00a0\u00bbcenter\u00a0\u00bb el_class=\u00a0\u00bbimgflech\u00a0\u00bb][vc_empty_space][\/vc_column][\/vc_row]<\/p>\n","protected":false},"author":1,"featured_media":0,"parent":0,"menu_order":0,"comment_status":"closed","ping_status":"closed","template":"","meta":{"_vp_format_video_url":"","_vp_image_focal_point":[],"footnotes":""},"class_list":["post-2673","page","type-page","status-publish","hentry"],"_links":{"self":[{"href":"https:\/\/vision-business.consulting\/v1\/portfolio\/wp-json\/wp\/v2\/pages\/2673","targetHints":{"allow":["GET"]}}],"collection":[{"href":"https:\/\/vision-business.consulting\/v1\/portfolio\/wp-json\/wp\/v2\/pages"}],"about":[{"href":"https:\/\/vision-business.consulting\/v1\/portfolio\/wp-json\/wp\/v2\/types\/page"}],"author":[{"embeddable":true,"href":"https:\/\/vision-business.consulting\/v1\/portfolio\/wp-json\/wp\/v2\/users\/1"}],"replies":[{"embeddable":true,"href":"https:\/\/vision-business.consulting\/v1\/portfolio\/wp-json\/wp\/v2\/comments?post=2673"}],"version-history":[{"count":11,"href":"https:\/\/vision-business.consulting\/v1\/portfolio\/wp-json\/wp\/v2\/pages\/2673\/revisions"}],"predecessor-version":[{"id":2962,"href":"https:\/\/vision-business.consulting\/v1\/portfolio\/wp-json\/wp\/v2\/pages\/2673\/revisions\/2962"}],"wp:attachment":[{"href":"https:\/\/vision-business.consulting\/v1\/portfolio\/wp-json\/wp\/v2\/media?parent=2673"}],"curies":[{"name":"wp","href":"https:\/\/api.w.org\/{rel}","templated":true}]}}